{"id":969,"date":"2025-10-22T11:58:25","date_gmt":"2025-10-22T09:58:25","guid":{"rendered":"https:\/\/abuab.org\/quienes-somos\/"},"modified":"2025-10-28T16:27:45","modified_gmt":"2025-10-28T15:27:45","slug":"quienes-somos","status":"publish","type":"page","link":"https:\/\/abuab.org\/es\/quienes-somos\/","title":{"rendered":"\u00bfQui\u00e9nes somos?"},"content":{"rendered":"\t\t<div data-elementor-type=\"wp-page\" data-elementor-id=\"969\" class=\"elementor elementor-969 elementor-637\" data-elementor-post-type=\"page\">\n\t\t\t\t<div class=\"elementor-element elementor-element-5198fad e-con-full e-flex e-con e-parent\" data-id=\"5198fad\" data-element_type=\"container\" data-settings=\"{&quot;background_background&quot;:&quot;classic&quot;}\">\n\t\t<div class=\"elementor-element elementor-element-5604966 e-con-full e-flex e-con e-child\" data-id=\"5604966\" data-element_type=\"container\" data-settings=\"{&quot;background_background&quot;:&quot;classic&quot;}\">\n\t\t\t\t<div class=\"elementor-element elementor-element-9e87873 elementor-widget__width-initial elementor-widget elementor-widget-heading\" data-id=\"9e87873\" data-element_type=\"widget\" data-widget_type=\"heading.default\">\n\t\t\t\t\t<span class=\"elementor-heading-title elementor-size-default\">Somos profesionales del patrimonio cultural que trabajamos por un futuro m\u00e1s inclusivo<\/span>\t\t\t\t<\/div>\n\t\t\t\t<\/div>\n\t\t\t\t<\/div>\n\t\t<div class=\"elementor-element elementor-element-eb7a19c e-flex e-con-boxed e-con e-parent\" data-id=\"eb7a19c\" data-element_type=\"container\">\n\t\t\t\t\t<div class=\"e-con-inner\">\n\t\t<div class=\"elementor-element elementor-element-46f2700 e-con-full e-flex e-con e-child\" data-id=\"46f2700\" data-element_type=\"container\">\n\t\t\t\t<div class=\"elementor-element elementor-element-e5a1ce0 elementor-widget elementor-widget-image\" data-id=\"e5a1ce0\" data-element_type=\"widget\" data-widget_type=\"image.default\">\n\t\t\t\t\t\t\t\t\t\t\t\t\t\t\t<img fetchpriority=\"high\" decoding=\"async\" width=\"522\" height=\"718\" src=\"https:\/\/abuab.org\/wp-content\/uploads\/2025\/10\/Isber.avif\" class=\"attachment-medium_large size-medium_large wp-image-965\" alt=\"\" srcset=\"https:\/\/abuab.org\/wp-content\/uploads\/2025\/10\/Isber.avif 522w, https:\/\/abuab.org\/wp-content\/uploads\/2025\/10\/Isber-218x300.jpg 218w\" sizes=\"(max-width: 522px) 100vw, 522px\" \/>\t\t\t\t\t\t\t\t\t\t\t\t\t\t\t<\/div>\n\t\t<div class=\"elementor-element elementor-element-3cddf2c e-con-full e-flex e-con e-child\" data-id=\"3cddf2c\" data-element_type=\"container\" data-settings=\"{&quot;background_background&quot;:&quot;classic&quot;}\">\n\t\t\t\t<div class=\"elementor-element elementor-element-11812e0 elementor-widget elementor-widget-heading\" data-id=\"11812e0\" data-element_type=\"widget\" data-widget_type=\"heading.default\">\n\t\t\t\t\t<h3 class=\"elementor-heading-title elementor-size-default\">Isber Sabrine\n<\/h3>\t\t\t\t<\/div>\n\t\t\t\t<\/div>\n\t\t\t\t<div class=\"elementor-element elementor-element-d84494c elementor-widget__width-initial elementor-widget elementor-widget-text-editor\" data-id=\"d84494c\" data-element_type=\"widget\" data-widget_type=\"text-editor.default\">\n\t\t\t\t\t\t\t\t\t<p>Isber Sabrine es cofundador y presidente de Heritage for Peace, y \u00e9l mismo es un refugiado sirio. Ha seguido luchando por la protecci\u00f3n del patrimonio cultural en su pa\u00eds de origen y en otras zonas de conflicto durante m\u00e1s de una d\u00e9cada. <\/p>\t\t\t\t\t\t\t\t<\/div>\n\t\t\t\t<\/div>\n\t\t<div class=\"elementor-element elementor-element-1acecf0 e-con-full e-flex e-con e-child\" data-id=\"1acecf0\" data-element_type=\"container\">\n\t\t\t\t<div class=\"elementor-element elementor-element-02335e1 elementor-widget elementor-widget-image\" data-id=\"02335e1\" data-element_type=\"widget\" data-widget_type=\"image.default\">\n\t\t\t\t\t\t\t\t\t\t\t\t\t\t\t<img decoding=\"async\" width=\"522\" height=\"718\" src=\"https:\/\/abuab.org\/wp-content\/uploads\/2025\/10\/Chloe.avif\" class=\"attachment-medium_large size-medium_large wp-image-966\" alt=\"\" srcset=\"https:\/\/abuab.org\/wp-content\/uploads\/2025\/10\/Chloe.avif 522w, https:\/\/abuab.org\/wp-content\/uploads\/2025\/10\/Chloe-218x300.jpg 218w\" sizes=\"(max-width: 522px) 100vw, 522px\" \/>\t\t\t\t\t\t\t\t\t\t\t\t\t\t\t<\/div>\n\t\t<div class=\"elementor-element elementor-element-225c1c7 e-con-full e-flex e-con e-child\" data-id=\"225c1c7\" data-element_type=\"container\" data-settings=\"{&quot;background_background&quot;:&quot;classic&quot;}\">\n\t\t\t\t<div class=\"elementor-element elementor-element-a99fc31 elementor-widget elementor-widget-heading\" data-id=\"a99fc31\" data-element_type=\"widget\" data-widget_type=\"heading.default\">\n\t\t\t\t\t<h3 class=\"elementor-heading-title elementor-size-default\">Chloe Sinclair<\/h3>\t\t\t\t<\/div>\n\t\t\t\t<\/div>\n\t\t\t\t<div class=\"elementor-element elementor-element-62b999d elementor-widget__width-initial elementor-widget elementor-widget-text-editor\" data-id=\"62b999d\" data-element_type=\"widget\" data-widget_type=\"text-editor.default\">\n\t\t\t\t\t\t\t\t\tChloe es la directora de proyecto de Abuab 2023 y Abuab Ucrania. Pas\u00f3 los primeros a\u00f1os de su carrera como arque\u00f3loga y ahora gestiona proyectos para m\u00faltiples ONG que trabajan por la educaci\u00f3n e integraci\u00f3n de los refugiados.  \t\t\t\t\t\t\t\t<\/div>\n\t\t\t\t<\/div>\n\t\t<div class=\"elementor-element elementor-element-cfc872b e-con-full e-flex e-con e-child\" data-id=\"cfc872b\" data-element_type=\"container\">\n\t\t\t\t<div class=\"elementor-element elementor-element-baca8df elementor-widget elementor-widget-image\" data-id=\"baca8df\" data-element_type=\"widget\" data-widget_type=\"image.default\">\n\t\t\t\t\t\t\t\t\t\t\t\t\t\t\t<img decoding=\"async\" width=\"522\" height=\"718\" src=\"https:\/\/abuab.org\/wp-content\/uploads\/2025\/10\/Natalia.avif\" class=\"attachment-medium_large size-medium_large wp-image-967\" alt=\"\" srcset=\"https:\/\/abuab.org\/wp-content\/uploads\/2025\/10\/Natalia.avif 522w, https:\/\/abuab.org\/wp-content\/uploads\/2025\/10\/Natalia-218x300.jpg 218w\" sizes=\"(max-width: 522px) 100vw, 522px\" \/>\t\t\t\t\t\t\t\t\t\t\t\t\t\t\t<\/div>\n\t\t<div class=\"elementor-element elementor-element-cbd8e57 e-con-full e-flex e-con e-child\" data-id=\"cbd8e57\" data-element_type=\"container\" data-settings=\"{&quot;background_background&quot;:&quot;classic&quot;}\">\n\t\t\t\t<div class=\"elementor-element elementor-element-d191e74 elementor-widget elementor-widget-heading\" data-id=\"d191e74\" data-element_type=\"widget\" data-widget_type=\"heading.default\">\n\t\t\t\t\t<h3 class=\"elementor-heading-title elementor-size-default\">Natalya kokstyroko\n<\/h3>\t\t\t\t<\/div>\n\t\t\t\t<\/div>\n\t\t\t\t<div class=\"elementor-element elementor-element-84b62f3 elementor-widget__width-initial elementor-widget elementor-widget-text-editor\" data-id=\"84b62f3\" data-element_type=\"widget\" data-widget_type=\"text-editor.default\">\n\t\t\t\t\t\t\t\t\tNatalya es una de nuestras gu\u00edas tur\u00edsticas voluntarias de Ucrania. Es estudiante de historia del arte con experiencia en gesti\u00f3n de museos.  \t\t\t\t\t\t\t\t<\/div>\n\t\t\t\t<\/div>\n\t\t\t\t\t<\/div>\n\t\t\t\t<\/div>\n\t\t<div class=\"elementor-element elementor-element-5f3f9b0 e-flex e-con-boxed e-con e-parent\" data-id=\"5f3f9b0\" data-element_type=\"container\">\n\t\t\t\t\t<div class=\"e-con-inner\">\n\t\t<div class=\"elementor-element elementor-element-c0241be e-con-full e-flex e-con e-child\" data-id=\"c0241be\" data-element_type=\"container\">\n\t\t\t\t<div class=\"elementor-element elementor-element-cc3528a elementor-widget elementor-widget-image\" data-id=\"cc3528a\" data-element_type=\"widget\" data-widget_type=\"image.default\">\n\t\t\t\t\t\t\t\t\t\t\t\t\t\t\t<img loading=\"lazy\" decoding=\"async\" width=\"522\" height=\"718\" src=\"https:\/\/abuab.org\/wp-content\/uploads\/2025\/10\/Lina.avif\" class=\"attachment-medium_large size-medium_large wp-image-968\" alt=\"\" srcset=\"https:\/\/abuab.org\/wp-content\/uploads\/2025\/10\/Lina.avif 522w, https:\/\/abuab.org\/wp-content\/uploads\/2025\/10\/Lina-218x300.jpg 218w\" sizes=\"(max-width: 522px) 100vw, 522px\" \/>\t\t\t\t\t\t\t\t\t\t\t\t\t\t\t<\/div>\n\t\t<div class=\"elementor-element elementor-element-cc71cb8 e-con-full e-flex e-con e-child\" data-id=\"cc71cb8\" data-element_type=\"container\" data-settings=\"{&quot;background_background&quot;:&quot;classic&quot;}\">\n\t\t\t\t<div class=\"elementor-element elementor-element-59cfceb elementor-widget elementor-widget-heading\" data-id=\"59cfceb\" data-element_type=\"widget\" data-widget_type=\"heading.default\">\n\t\t\t\t\t<h3 class=\"elementor-heading-title elementor-size-default\">Lina fazly<\/h3>\t\t\t\t<\/div>\n\t\t\t\t<\/div>\n\t\t\t\t<div class=\"elementor-element elementor-element-68ce5bf elementor-widget__width-initial elementor-widget elementor-widget-text-editor\" data-id=\"68ce5bf\" data-element_type=\"widget\" data-widget_type=\"text-editor.default\">\n\t\t\t\t\t\t\t\t\tLina es traductora voluntaria de farsi para Abuab. Ha trabajado como asistente de gesti\u00f3n de proyectos para ONG en Barcelona y Afganist\u00e1n que trabajan por el empoderamiento y la educaci\u00f3n de las personas desplazadas.  \t\t\t\t\t\t\t\t<\/div>\n\t\t\t\t<\/div>\n\t\t<div class=\"elementor-element elementor-element-c50d8be e-con-full elementor-hidden-mobile e-flex e-con e-child\" data-id=\"c50d8be\" data-element_type=\"container\">\n\t\t\t\t<\/div>\n\t\t<div class=\"elementor-element elementor-element-96c08be e-con-full elementor-hidden-mobile e-flex e-con e-child\" data-id=\"96c08be\" data-element_type=\"container\">\n\t\t\t\t<\/div>\n\t\t\t\t\t<\/div>\n\t\t\t\t<\/div>\n\t\t\t\t<\/div>\n\t\t","protected":false},"excerpt":{"rendered":"<p>Somos profesionales del patrimonio cultural que trabajamos por un futuro m\u00e1s inclusivo Isber Sabrine Isber Sabrine es cofundador y presidente de Heritage for Peace, y \u00e9l mismo es un refugiado sirio. Ha seguido luchando por la protecci\u00f3n del patrimonio cultural en su pa\u00eds de origen y en otras zonas de conflicto durante m\u00e1s de una [&hellip;]<\/p>\n","protected":false},"author":2,"featured_media":0,"parent":0,"menu_order":0,"comment_status":"closed","ping_status":"closed","template":"elementor_header_footer","meta":{"footnotes":""},"class_list":["post-969","page","type-page","status-publish","hentry"],"_links":{"self":[{"href":"https:\/\/abuab.org\/es\/wp-json\/wp\/v2\/pages\/969","targetHints":{"allow":["GET"]}}],"collection":[{"href":"https:\/\/abuab.org\/es\/wp-json\/wp\/v2\/pages"}],"about":[{"href":"https:\/\/abuab.org\/es\/wp-json\/wp\/v2\/types\/page"}],"author":[{"embeddable":true,"href":"https:\/\/abuab.org\/es\/wp-json\/wp\/v2\/users\/2"}],"replies":[{"embeddable":true,"href":"https:\/\/abuab.org\/es\/wp-json\/wp\/v2\/comments?post=969"}],"version-history":[{"count":1,"href":"https:\/\/abuab.org\/es\/wp-json\/wp\/v2\/pages\/969\/revisions"}],"predecessor-version":[{"id":970,"href":"https:\/\/abuab.org\/es\/wp-json\/wp\/v2\/pages\/969\/revisions\/970"}],"wp:attachment":[{"href":"https:\/\/abuab.org\/es\/wp-json\/wp\/v2\/media?parent=969"}],"curies":[{"name":"wp","href":"https:\/\/api.w.org\/{rel}","templated":true}]}}