{"id":974,"date":"2025-10-27T18:20:52","date_gmt":"2025-10-27T17:20:52","guid":{"rendered":"https:\/\/abuab.org\/blog\/"},"modified":"2025-10-28T16:37:30","modified_gmt":"2025-10-28T15:37:30","slug":"blog","status":"publish","type":"page","link":"https:\/\/abuab.org\/es\/blog\/","title":{"rendered":"Blog"},"content":{"rendered":"\t\t<div data-elementor-type=\"wp-page\" data-elementor-id=\"974\" class=\"elementor elementor-974 elementor-798\" data-elementor-post-type=\"page\">\n\t\t\t\t<div class=\"elementor-element elementor-element-910d569 e-flex e-con-boxed e-con e-parent\" data-id=\"910d569\" data-element_type=\"container\">\n\t\t\t\t\t<div class=\"e-con-inner\">\n\t\t\t\t<div class=\"elementor-element elementor-element-4f58e0f elementor-grid-2 elementor-grid-tablet-2 elementor-grid-mobile-1 elementor-widget elementor-widget-loop-grid\" data-id=\"4f58e0f\" data-element_type=\"widget\" data-settings=\"{&quot;template_id&quot;:814,&quot;columns&quot;:2,&quot;masonry&quot;:&quot;yes&quot;,&quot;row_gap&quot;:{&quot;unit&quot;:&quot;px&quot;,&quot;size&quot;:20,&quot;sizes&quot;:[]},&quot;_skin&quot;:&quot;post&quot;,&quot;columns_tablet&quot;:&quot;2&quot;,&quot;columns_mobile&quot;:&quot;1&quot;,&quot;edit_handle_selector&quot;:&quot;[data-elementor-type=\\&quot;loop-item\\&quot;]&quot;,&quot;row_gap_tablet&quot;:{&quot;unit&quot;:&quot;px&quot;,&quot;size&quot;:&quot;&quot;,&quot;sizes&quot;:[]},&quot;row_gap_mobile&quot;:{&quot;unit&quot;:&quot;px&quot;,&quot;size&quot;:&quot;&quot;,&quot;sizes&quot;:[]}}\" data-widget_type=\"loop-grid.post\">\n\t\t\t\t<div class=\"elementor-widget-container\">\n\t\t\t\t\t\t\t<div class=\"elementor-loop-container elementor-grid\" role=\"list\">\n\t\t<style id=\"loop-814\">.elementor-814 .elementor-element.elementor-element-4fd8c1d{--display:flex;--flex-direction:column;--container-widget-width:100%;--container-widget-height:initial;--container-widget-flex-grow:0;--container-widget-align-self:initial;--flex-wrap-mobile:wrap;--gap:0px 0px;--row-gap:0px;--column-gap:0px;--padding-top:0px;--padding-bottom:0px;--padding-left:0px;--padding-right:0px;}.elementor-widget-theme-post-featured-image .widget-image-caption{color:var( --e-global-color-text );font-family:var( --e-global-typography-text-font-family ), Sans-serif;font-weight:var( --e-global-typography-text-font-weight );}.elementor-814 .elementor-element.elementor-element-7e96ed5{--display:flex;border-style:solid;--border-style:solid;border-width:0px 1px 1px 1px;--border-top-width:0px;--border-right-width:1px;--border-bottom-width:1px;--border-left-width:1px;border-color:#7A736F;--border-color:#7A736F;--padding-top:28px;--padding-bottom:25px;--padding-left:30px;--padding-right:30px;}.elementor-widget-theme-post-title .elementor-heading-title{font-family:var( --e-global-typography-primary-font-family ), Sans-serif;font-weight:var( --e-global-typography-primary-font-weight );color:var( --e-global-color-primary );}.elementor-814 .elementor-element.elementor-element-1432a71 .elementor-heading-title{font-family:\"Oswald\", Sans-serif;font-size:26px;font-weight:500;color:#7F7E81;}.elementor-widget-theme-post-excerpt{font-family:var( --e-global-typography-text-font-family ), Sans-serif;font-weight:var( --e-global-typography-text-font-weight );color:var( --e-global-color-text );}.elementor-814 .elementor-element.elementor-element-e37e301{text-align:left;font-family:\"Questrial\", Sans-serif;font-size:16px;font-weight:400;color:#7A736F;}<\/style>\t\t<div data-elementor-type=\"loop-item\" data-elementor-id=\"814\" class=\"elementor elementor-814 e-loop-item e-loop-item-987 post-987 post type-post status-publish format-standard has-post-thumbnail hentry category-sin-categoria\" data-elementor-post-type=\"elementor_library\" data-custom-edit-handle=\"1\">\n\t\t\t<a class=\"elementor-element elementor-element-4fd8c1d e-con-full e-flex e-con e-parent\" data-id=\"4fd8c1d\" data-element_type=\"container\" href=\"https:\/\/abuab.org\/es\/noche-de-blues-en-el-poble-espanyol\/\">\n\t\t\t\t<div class=\"elementor-element elementor-element-c0e7db9 elementor-widget elementor-widget-theme-post-featured-image elementor-widget-image\" data-id=\"c0e7db9\" data-element_type=\"widget\" data-widget_type=\"theme-post-featured-image.default\">\n\t\t\t\t\t\t\t\t\t\t\t\t\t\t\t<img fetchpriority=\"high\" decoding=\"async\" width=\"1116\" height=\"758\" src=\"https:\/\/abuab.org\/wp-content\/uploads\/2025\/10\/Blues_Night.jpg\" class=\"attachment-full size-full wp-image-986\" alt=\"\" srcset=\"https:\/\/abuab.org\/wp-content\/uploads\/2025\/10\/Blues_Night.jpg 1116w, https:\/\/abuab.org\/wp-content\/uploads\/2025\/10\/Blues_Night-300x204.jpg 300w, https:\/\/abuab.org\/wp-content\/uploads\/2025\/10\/Blues_Night-1024x696.jpg 1024w, https:\/\/abuab.org\/wp-content\/uploads\/2025\/10\/Blues_Night-768x522.jpg 768w\" sizes=\"(max-width: 1116px) 100vw, 1116px\" \/>\t\t\t\t\t\t\t\t\t\t\t\t\t\t\t<\/div>\n\t\t<div class=\"elementor-element elementor-element-7e96ed5 e-flex e-con-boxed e-con e-child\" data-id=\"7e96ed5\" data-element_type=\"container\">\n\t\t\t\t\t<div class=\"e-con-inner\">\n\t\t\t\t<div class=\"elementor-element elementor-element-1432a71 elementor-widget elementor-widget-theme-post-title elementor-page-title elementor-widget-heading\" data-id=\"1432a71\" data-element_type=\"widget\" data-widget_type=\"theme-post-title.default\">\n\t\t\t\t\t<h1 class=\"elementor-heading-title elementor-size-default\">Noche de Blues en el Poble Espanyol<\/h1>\t\t\t\t<\/div>\n\t\t\t\t<div class=\"elementor-element elementor-element-e37e301 elementor-widget elementor-widget-theme-post-excerpt\" data-id=\"e37e301\" data-element_type=\"widget\" data-widget_type=\"theme-post-excerpt.default\">\n\t\t\t\t\t<p>Tuvimos una conversaci\u00f3n con un joven refugiado ucraniano durante nuestra excursi\u00f3n a un concierto de blues en el Poble Espayol en la que hablamos de los servicios que se ofrecen a los refugiados. Cuando le explicamos que Abuab no se centra en los modos normales de integraci\u00f3n sino en eventos...\t\t\t\t<\/div>\n\t\t\t\t\t<\/div>\n\t\t\t\t<\/div>\n\t\t\t\t<\/a>\n\t\t\t\t<\/div>\n\t\t\t\t<div data-elementor-type=\"loop-item\" data-elementor-id=\"814\" class=\"elementor elementor-814 e-loop-item e-loop-item-983 post-983 post type-post status-publish format-standard has-post-thumbnail hentry category-sin-categoria\" data-elementor-post-type=\"elementor_library\" data-custom-edit-handle=\"1\">\n\t\t\t<a class=\"elementor-element elementor-element-4fd8c1d e-con-full e-flex e-con e-parent\" data-id=\"4fd8c1d\" data-element_type=\"container\" href=\"https:\/\/abuab.org\/es\/castillo-de-montjuic-tour-guiado\/\">\n\t\t\t\t<div class=\"elementor-element elementor-element-c0e7db9 elementor-widget elementor-widget-theme-post-featured-image elementor-widget-image\" data-id=\"c0e7db9\" data-element_type=\"widget\" data-widget_type=\"theme-post-featured-image.default\">\n\t\t\t\t\t\t\t\t\t\t\t\t\t\t\t<img decoding=\"async\" width=\"1816\" height=\"816\" src=\"https:\/\/abuab.org\/wp-content\/uploads\/2025\/10\/Montjuic_Castle_Guided.avif\" class=\"attachment-full size-full wp-image-982\" alt=\"\" srcset=\"https:\/\/abuab.org\/wp-content\/uploads\/2025\/10\/Montjuic_Castle_Guided.avif 1816w, https:\/\/abuab.org\/wp-content\/uploads\/2025\/10\/Montjuic_Castle_Guided-300x135.jpg 300w, https:\/\/abuab.org\/wp-content\/uploads\/2025\/10\/Montjuic_Castle_Guided-1024x460.jpg 1024w, https:\/\/abuab.org\/wp-content\/uploads\/2025\/10\/Montjuic_Castle_Guided-768x345.jpg 768w, https:\/\/abuab.org\/wp-content\/uploads\/2025\/10\/Montjuic_Castle_Guided-1536x690.jpg 1536w\" sizes=\"(max-width: 1816px) 100vw, 1816px\" \/>\t\t\t\t\t\t\t\t\t\t\t\t\t\t\t<\/div>\n\t\t<div class=\"elementor-element elementor-element-7e96ed5 e-flex e-con-boxed e-con e-child\" data-id=\"7e96ed5\" data-element_type=\"container\">\n\t\t\t\t\t<div class=\"e-con-inner\">\n\t\t\t\t<div class=\"elementor-element elementor-element-1432a71 elementor-widget elementor-widget-theme-post-title elementor-page-title elementor-widget-heading\" data-id=\"1432a71\" data-element_type=\"widget\" data-widget_type=\"theme-post-title.default\">\n\t\t\t\t\t<h1 class=\"elementor-heading-title elementor-size-default\">Castillo de Montju\u00efc &#8211; Tour Guiado<\/h1>\t\t\t\t<\/div>\n\t\t\t\t<div class=\"elementor-element elementor-element-e37e301 elementor-widget elementor-widget-theme-post-excerpt\" data-id=\"e37e301\" data-element_type=\"widget\" data-widget_type=\"theme-post-excerpt.default\">\n\t\t\t\t\t<p>\u00bfSab\u00edas que los barceloneses sol\u00edan ver el Castillo de Montju\u00efc como una amenaza? El grupo de esta semana aprendi\u00f3 sobre la convulsa relaci\u00f3n entre los barceloneses y el castillo que domina la ciudad. Descubrimos la historia del lugar desde la \u00e9poca romana hasta su uso como prisi\u00f3n durante la guerra,...\t\t\t\t<\/div>\n\t\t\t\t\t<\/div>\n\t\t\t\t<\/div>\n\t\t\t\t<\/a>\n\t\t\t\t<\/div>\n\t\t\t\t<div data-elementor-type=\"loop-item\" data-elementor-id=\"814\" class=\"elementor elementor-814 e-loop-item e-loop-item-980 post-980 post type-post status-publish format-standard has-post-thumbnail hentry category-sin-categoria\" data-elementor-post-type=\"elementor_library\" data-custom-edit-handle=\"1\">\n\t\t\t<a class=\"elementor-element elementor-element-4fd8c1d e-con-full e-flex e-con e-parent\" data-id=\"4fd8c1d\" data-element_type=\"container\" href=\"https:\/\/abuab.org\/es\/museu-frederic-mares\/\">\n\t\t\t\t<div class=\"elementor-element elementor-element-c0e7db9 elementor-widget elementor-widget-theme-post-featured-image elementor-widget-image\" data-id=\"c0e7db9\" data-element_type=\"widget\" data-widget_type=\"theme-post-featured-image.default\">\n\t\t\t\t\t\t\t\t\t\t\t\t\t\t\t<img decoding=\"async\" width=\"1816\" height=\"816\" src=\"https:\/\/abuab.org\/wp-content\/uploads\/2025\/10\/Museu-Frederic-Mares.avif\" class=\"attachment-full size-full wp-image-979\" alt=\"\" srcset=\"https:\/\/abuab.org\/wp-content\/uploads\/2025\/10\/Museu-Frederic-Mares.avif 1816w, https:\/\/abuab.org\/wp-content\/uploads\/2025\/10\/Museu-Frederic-Mares-300x135.jpg 300w, https:\/\/abuab.org\/wp-content\/uploads\/2025\/10\/Museu-Frederic-Mares-1024x460.jpg 1024w, https:\/\/abuab.org\/wp-content\/uploads\/2025\/10\/Museu-Frederic-Mares-768x345.jpg 768w, https:\/\/abuab.org\/wp-content\/uploads\/2025\/10\/Museu-Frederic-Mares-1536x690.jpg 1536w\" sizes=\"(max-width: 1816px) 100vw, 1816px\" \/>\t\t\t\t\t\t\t\t\t\t\t\t\t\t\t<\/div>\n\t\t<div class=\"elementor-element elementor-element-7e96ed5 e-flex e-con-boxed e-con e-child\" data-id=\"7e96ed5\" data-element_type=\"container\">\n\t\t\t\t\t<div class=\"e-con-inner\">\n\t\t\t\t<div class=\"elementor-element elementor-element-1432a71 elementor-widget elementor-widget-theme-post-title elementor-page-title elementor-widget-heading\" data-id=\"1432a71\" data-element_type=\"widget\" data-widget_type=\"theme-post-title.default\">\n\t\t\t\t\t<h1 class=\"elementor-heading-title elementor-size-default\">Museu Frederic Mar\u00e8s<\/h1>\t\t\t\t<\/div>\n\t\t\t\t<div class=\"elementor-element elementor-element-e37e301 elementor-widget elementor-widget-theme-post-excerpt\" data-id=\"e37e301\" data-element_type=\"widget\" data-widget_type=\"theme-post-excerpt.default\">\n\t\t\t\t\t<p>\u00abToda pasi\u00f3n roza lo ca\u00f3tico, pero la pasi\u00f3n del coleccionista roza el caos de los recuerdos.\u00bb -Walter Benjamin \u00a1En colaboraci\u00f3n con ACNUR\/ACNURespa\u00f1a hemos comenzado la tercera iteraci\u00f3n del proyecto Abuab! Para nuestra primera excursi\u00f3n del a\u00f1o, disfrutamos de una visita guiada a la colecci\u00f3n de Fredric Mares realizada en espa\u00f1ol...\t\t\t\t<\/div>\n\t\t\t\t\t<\/div>\n\t\t\t\t<\/div>\n\t\t\t\t<\/a>\n\t\t\t\t<\/div>\n\t\t\t\t<div data-elementor-type=\"loop-item\" data-elementor-id=\"814\" class=\"elementor elementor-814 e-loop-item e-loop-item-977 post-977 post type-post status-publish format-standard has-post-thumbnail hentry category-sin-categoria\" data-elementor-post-type=\"elementor_library\" data-custom-edit-handle=\"1\">\n\t\t\t<a class=\"elementor-element elementor-element-4fd8c1d e-con-full e-flex e-con e-parent\" data-id=\"4fd8c1d\" data-element_type=\"container\" href=\"https:\/\/abuab.org\/es\/fundacion-joan-miro\/\">\n\t\t\t\t<div class=\"elementor-element elementor-element-c0e7db9 elementor-widget elementor-widget-theme-post-featured-image elementor-widget-image\" data-id=\"c0e7db9\" data-element_type=\"widget\" data-widget_type=\"theme-post-featured-image.default\">\n\t\t\t\t\t\t\t\t\t\t\t\t\t\t\t<img loading=\"lazy\" decoding=\"async\" width=\"925\" height=\"2055\" src=\"https:\/\/abuab.org\/wp-content\/uploads\/2025\/10\/Joan_Miro_Foundation.avif\" class=\"attachment-full size-full wp-image-976\" alt=\"\" srcset=\"https:\/\/abuab.org\/wp-content\/uploads\/2025\/10\/Joan_Miro_Foundation.avif 925w, https:\/\/abuab.org\/wp-content\/uploads\/2025\/10\/Joan_Miro_Foundation-135x300.jpg 135w, https:\/\/abuab.org\/wp-content\/uploads\/2025\/10\/Joan_Miro_Foundation-461x1024.jpg 461w, https:\/\/abuab.org\/wp-content\/uploads\/2025\/10\/Joan_Miro_Foundation-768x1706.jpg 768w, https:\/\/abuab.org\/wp-content\/uploads\/2025\/10\/Joan_Miro_Foundation-691x1536.jpg 691w, https:\/\/abuab.org\/wp-content\/uploads\/2025\/10\/Joan_Miro_Foundation-922x2048.jpg 922w\" sizes=\"(max-width: 925px) 100vw, 925px\" \/>\t\t\t\t\t\t\t\t\t\t\t\t\t\t\t<\/div>\n\t\t<div class=\"elementor-element elementor-element-7e96ed5 e-flex e-con-boxed e-con e-child\" data-id=\"7e96ed5\" data-element_type=\"container\">\n\t\t\t\t\t<div class=\"e-con-inner\">\n\t\t\t\t<div class=\"elementor-element elementor-element-1432a71 elementor-widget elementor-widget-theme-post-title elementor-page-title elementor-widget-heading\" data-id=\"1432a71\" data-element_type=\"widget\" data-widget_type=\"theme-post-title.default\">\n\t\t\t\t\t<h1 class=\"elementor-heading-title elementor-size-default\">Fundaci\u00f3n Joan Mir\u00f3<\/h1>\t\t\t\t<\/div>\n\t\t\t\t<div class=\"elementor-element elementor-element-e37e301 elementor-widget elementor-widget-theme-post-excerpt\" data-id=\"e37e301\" data-element_type=\"widget\" data-widget_type=\"theme-post-excerpt.default\">\n\t\t\t\t\t<p>Esta semana visitamos la Fundaci\u00f3n Joan Mir\u00f3 con un grupo que disfrut\u00f3 much\u00edsimo del ambiente l\u00fadico de su exposici\u00f3n temporal \u00abAmics imaginaris\u00bb. \u00a1Gracias a la #Fundaci\u00f3nJoanMir\u00f3 por su hospitalidad!<\/p>...\t\t\t\t<\/div>\n\t\t\t\t\t<\/div>\n\t\t\t\t<\/div>\n\t\t\t\t<\/a>\n\t\t\t\t<\/div>\n\t\t\t\t<\/div>\n\t\t\n\t\t\t\t\t\t<\/div>\n\t\t\t\t<\/div>\n\t\t\t\t\t<\/div>\n\t\t\t\t<\/div>\n\t\t\t\t<\/div>\n\t\t","protected":false},"excerpt":{"rendered":"","protected":false},"author":4,"featured_media":0,"parent":0,"menu_order":0,"comment_status":"closed","ping_status":"closed","template":"elementor_header_footer","meta":{"footnotes":""},"class_list":["post-974","page","type-page","status-publish","hentry"],"_links":{"self":[{"href":"https:\/\/abuab.org\/es\/wp-json\/wp\/v2\/pages\/974","targetHints":{"allow":["GET"]}}],"collection":[{"href":"https:\/\/abuab.org\/es\/wp-json\/wp\/v2\/pages"}],"about":[{"href":"https:\/\/abuab.org\/es\/wp-json\/wp\/v2\/types\/page"}],"author":[{"embeddable":true,"href":"https:\/\/abuab.org\/es\/wp-json\/wp\/v2\/users\/4"}],"replies":[{"embeddable":true,"href":"https:\/\/abuab.org\/es\/wp-json\/wp\/v2\/comments?post=974"}],"version-history":[{"count":1,"href":"https:\/\/abuab.org\/es\/wp-json\/wp\/v2\/pages\/974\/revisions"}],"predecessor-version":[{"id":975,"href":"https:\/\/abuab.org\/es\/wp-json\/wp\/v2\/pages\/974\/revisions\/975"}],"wp:attachment":[{"href":"https:\/\/abuab.org\/es\/wp-json\/wp\/v2\/media?parent=974"}],"curies":[{"name":"wp","href":"https:\/\/api.w.org\/{rel}","templated":true}]}}